{"id":576,"date":"2022-09-07T13:33:42","date_gmt":"2022-09-07T13:33:42","guid":{"rendered":"https:\/\/www.stonenaturelle.de\/a-quoi-ressemble-votre-sol\/"},"modified":"2023-09-07T14:48:50","modified_gmt":"2023-09-07T14:48:50","slug":"a-quoi-ressemble-votre-sol","status":"publish","type":"page","link":"https:\/\/www.stonenaturelle.de\/fr\/","title":{"rendered":"\u00c0 quoi ressemble votre sol ?"},"content":{"rendered":"\n<p>Montrez-nous votre sol <strong>stonenaturelle<\/strong>, t\u00e9l\u00e9chargez facilement vos photos ici. Veuillez vous assurer qu&rsquo;aucune personne ne figure sur les photos. Apr\u00e8s v\u00e9rification, vos photos seront utilis\u00e9es de mani\u00e8re anonyme sur notre site. Nous attendons vos photos avec impatience !<\/p>\n\n<div class=\"wp-block-contact-form-7-contact-form-selector\">\n<div class=\"wpcf7 no-js\" id=\"wpcf7-f566-o1\" lang=\"fr-FR\" dir=\"ltr\" data-wpcf7-id=\"566\">\n<div class=\"screen-reader-response\"><p role=\"status\" aria-live=\"polite\" aria-atomic=\"true\"><\/p> <ul><\/ul><\/div>\n<form action=\"\/fr\/wp-json\/wp\/v2\/pages\/576#wpcf7-f566-o1\" method=\"post\" class=\"wpcf7-form init\" aria-label=\"Formulaire de contact\" novalidate=\"novalidate\" data-status=\"init\">\n<fieldset class=\"hidden-fields-container\"><input type=\"hidden\" name=\"_wpcf7\" value=\"566\" \/><input type=\"hidden\" name=\"_wpcf7_version\" value=\"6.1.5\" \/><input type=\"hidden\" name=\"_wpcf7_locale\" value=\"fr_FR\" \/><input type=\"hidden\" name=\"_wpcf7_unit_tag\" value=\"wpcf7-f566-o1\" \/><input type=\"hidden\" name=\"_wpcf7_container_post\" value=\"0\" \/><input type=\"hidden\" name=\"_wpcf7_posted_data_hash\" value=\"\" \/>\n<\/fieldset>\n<p><label> Nom<br \/>\n<span class=\"wpcf7-form-control-wrap\" data-name=\"your-name\"><input size=\"40\" maxlength=\"400\" class=\"wpcf7-form-control wpcf7-text wpcf7-validates-as-required\" aria-required=\"true\" aria-invalid=\"false\" value=\"\" type=\"text\" name=\"your-name\" \/><\/span> <\/label>\n<\/p>\n<p><label> Nom du produit<br \/>\n<span class=\"wpcf7-form-control-wrap\" data-name=\"jonastone_produkt\"><input size=\"40\" maxlength=\"400\" class=\"wpcf7-form-control wpcf7-text\" aria-invalid=\"false\" value=\"\" type=\"text\" name=\"jonastone_produkt\" \/><\/span><\/label>\n<\/p>\n<p><label> Adresse e-mail<br \/>\n<span class=\"wpcf7-form-control-wrap\" data-name=\"your-email\"><input size=\"40\" maxlength=\"400\" class=\"wpcf7-form-control wpcf7-email wpcf7-validates-as-required wpcf7-text wpcf7-validates-as-email\" aria-required=\"true\" aria-invalid=\"false\" value=\"\" type=\"email\" name=\"your-email\" \/><\/span><\/label>\n<\/p>\n<p><label> Confirmer l'adresse e-mail<br \/>\n<span class=\"wpcf7-form-control-wrap\" data-name=\"confirm-email\"><input size=\"40\" maxlength=\"400\" class=\"wpcf7-form-control wpcf7-email wpcf7-validates-as-required wpcf7-text wpcf7-validates-as-email\" aria-required=\"true\" aria-invalid=\"false\" value=\"\" type=\"email\" name=\"confirm-email\" \/><\/span> <\/label>\n<\/p>\n<p><span class=\"wpcf7-form-control-wrap\" data-name=\"upload-file-22\"><input size=\"40\" class=\"wpcf7-form-control wpcf7-drag-n-drop-file d-none\" aria-invalid=\"false\" type=\"file\" multiple=\"multiple\" data-name=\"upload-file-22\" data-type=\"jpeg|jpg|png|gif|tif|tiff|raw|heif|mp4|mov|avi|mpg|mpeg|vob|m2p|ts|wmv|asf|mkv|3gp\" data-min=\"1\" data-max=\"10\" data-id=\"566\" data-version=\"free version 1.3.9.7\" accept=\".jpeg, .jpg, .png, .gif, .tif, .tiff, .raw, .heif, .mp4, .mov, .avi, .mpg, .mpeg, .vob, .m2p, .ts, .wmv, .asf, .mkv, .3gp\" \/><\/span>\n<\/p>\n<input class=\"wpcf7-form-control wpcf7-hidden\" value=\"0\" type=\"hidden\" name=\"accepted\" \/>\n<p><label> Message (facultatif)<br \/>\n<span class=\"wpcf7-form-control-wrap\" data-name=\"your-message\"><textarea cols=\"40\" rows=\"10\" maxlength=\"2000\" class=\"wpcf7-form-control wpcf7-textarea\" aria-invalid=\"false\" name=\"your-message\"><\/textarea><\/span> <\/label>\n<\/p>\n<p><span class=\"wpcf7-form-control-wrap\" data-name=\"user-content-lizenz\"><span class=\"wpcf7-form-control wpcf7-acceptance\"><span class=\"wpcf7-list-item\"><label><input type=\"checkbox\" name=\"user-content-lizenz\" value=\"1\" aria-invalid=\"false\" \/><span class=\"wpcf7-list-item-label\">Oui, j'ai lu la <a href=\"https:\/\/www.stonenaturelle.de\/fr\/licence-de-contenu-utilisateur\/\">licence de contenu utilisateur<\/a> et je l'accepte.<\/span><\/label><\/span><\/span><\/span>\n<\/p>\n<p>Informations sur la protection des donn\u00e9es :\n<\/p>\n<p>Nous traitons vos donn\u00e9es personnelles dans le cadre de la licence de contenu utilisateur pour g\u00e9n\u00e9rer des images et des images de r\u00e9f\u00e9rence. Le traitement est n\u00e9cessaire \u00e0 l'ex\u00e9cution d'un contrat ou d'une mesure pr\u00e9contractuelle (licence de contenu utilisateur) conform\u00e9ment \u00e0 l'art. Art. 6 al. 1 lit. b du RGPD est n\u00e9cessaire. Les donn\u00e9es personnelles en rapport avec l'ex\u00e9cution d'\u00e9ventuels droits d'information et autres droits contractuels en mati\u00e8re de droit d'auteur ainsi que la preuve de la cha\u00eene des droits sont enregistr\u00e9es et archiv\u00e9es pour toute la dur\u00e9e des droits (d'utilisation) accord\u00e9s ou transf\u00e9r\u00e9s\n<\/p>\n<p>Vous avez un droit d'acc\u00e8s (conform\u00e9ment \u00e0 l'article 15 du RGPD) de la part du responsable aux donn\u00e9es personnelles vous concernant ainsi qu'un droit de rectification (article 16 du RGPD).<br \/>\nVos droits \u00e0 l'effacement (article 17 du RGPD), \u00e0 la limitation du traitement (article 18, paragraphe 1 du RGPD), au droit d'opposition (article 20 du RGPD) sont limit\u00e9s par la licence de contenu utilisateur ou sont exclus, notamment en ce qui concerne les droits d'utilisation que vous avez irr\u00e9vocablement accord\u00e9s.\n<\/p>\n<p><input class=\"wpcf7-form-control wpcf7-submit has-spinner\" type=\"submit\" value=\"Envoyer\" \/>\n<\/p><div class=\"wpcf7-response-output\" aria-hidden=\"true\"><\/div>\n<\/form>\n<\/div>\n<\/div>\n","protected":false},"excerpt":{"rendered":"<p>Montrez-nous votre sol stonenaturelle, t\u00e9l\u00e9chargez facilement vos photos ici. Veuillez vous assurer qu&rsquo;aucune personne ne figure sur les photos. Apr\u00e8s v\u00e9rification, vos photos seront utilis\u00e9es de mani\u00e8re anonyme sur notre site. Nous attendons vos photos avec impatience !<\/p>\n","protected":false},"author":1,"featured_media":0,"parent":0,"menu_order":0,"comment_status":"closed","ping_status":"closed","template":"","meta":{"_monsterinsights_skip_tracking":false,"_monsterinsights_sitenote_active":false,"_monsterinsights_sitenote_note":"","_monsterinsights_sitenote_category":0,"footnotes":""},"class_list":["post-576","page","type-page","status-publish"],"yoast_head":"<!-- This site is optimized with the Yoast SEO plugin v27.5 - https:\/\/yoast.com\/product\/yoast-seo-wordpress\/ -->\n<title>\u00c0 quoi ressemble votre sol ? - jonastone<\/title>\n<meta name=\"robots\" content=\"noindex, follow, max-snippet:-1, max-image-preview:large, max-video-preview:-1\" \/>\n<meta property=\"og:locale\" content=\"fr_FR\" \/>\n<meta property=\"og:type\" content=\"article\" \/>\n<meta property=\"og:title\" content=\"\u00c0 quoi ressemble votre sol ? - jonastone\" \/>\n<meta property=\"og:description\" content=\"Montrez-nous votre sol stonenaturelle, t\u00e9l\u00e9chargez facilement vos photos ici. Veuillez vous assurer qu&rsquo;aucune personne ne figure sur les photos. Apr\u00e8s v\u00e9rification, vos photos seront utilis\u00e9es de mani\u00e8re anonyme sur notre site. Nous attendons vos photos avec impatience !\" \/>\n<meta property=\"og:url\" content=\"https:\/\/www.stonenaturelle.de\/fr\/\" \/>\n<meta property=\"og:site_name\" content=\"jonastone\" \/>\n<meta property=\"article:modified_time\" content=\"2023-09-07T14:48:50+00:00\" \/>\n<meta name=\"twitter:card\" content=\"summary_large_image\" \/>\n<script type=\"application\/ld+json\" class=\"yoast-schema-graph\">{\"@context\":\"https:\\\/\\\/schema.org\",\"@graph\":[{\"@type\":\"WebPage\",\"@id\":\"https:\\\/\\\/www.stonenaturelle.de\\\/fr\\\/\",\"url\":\"https:\\\/\\\/www.stonenaturelle.de\\\/fr\\\/\",\"name\":\"\u00c0 quoi ressemble votre sol ? - jonastone\",\"isPartOf\":{\"@id\":\"https:\\\/\\\/www.stonenaturelle.de\\\/fr\\\/#website\"},\"datePublished\":\"2022-09-07T13:33:42+00:00\",\"dateModified\":\"2023-09-07T14:48:50+00:00\",\"breadcrumb\":{\"@id\":\"https:\\\/\\\/www.stonenaturelle.de\\\/fr\\\/#breadcrumb\"},\"inLanguage\":\"fr-FR\",\"potentialAction\":[{\"@type\":\"ReadAction\",\"target\":[\"https:\\\/\\\/www.stonenaturelle.de\\\/fr\\\/\"]}]},{\"@type\":\"BreadcrumbList\",\"@id\":\"https:\\\/\\\/www.stonenaturelle.de\\\/fr\\\/#breadcrumb\",\"itemListElement\":[{\"@type\":\"ListItem\",\"position\":1,\"name\":\"Startseite\",\"item\":\"https:\\\/\\\/www.stonenaturelle.de\\\/fr\\\/\"},{\"@type\":\"ListItem\",\"position\":2,\"name\":\"\u00c0 quoi ressemble votre sol ?\"}]},{\"@type\":\"WebSite\",\"@id\":\"https:\\\/\\\/www.stonenaturelle.de\\\/fr\\\/#website\",\"url\":\"https:\\\/\\\/www.stonenaturelle.de\\\/fr\\\/\",\"name\":\"jonastone\",\"description\":\"\",\"publisher\":{\"@id\":\"https:\\\/\\\/www.stonenaturelle.de\\\/fr\\\/#organization\"},\"potentialAction\":[{\"@type\":\"SearchAction\",\"target\":{\"@type\":\"EntryPoint\",\"urlTemplate\":\"https:\\\/\\\/www.stonenaturelle.de\\\/fr\\\/?s={search_term_string}\"},\"query-input\":{\"@type\":\"PropertyValueSpecification\",\"valueRequired\":true,\"valueName\":\"search_term_string\"}}],\"inLanguage\":\"fr-FR\"},{\"@type\":\"Organization\",\"@id\":\"https:\\\/\\\/www.stonenaturelle.de\\\/fr\\\/#organization\",\"name\":\"jonastone\",\"url\":\"https:\\\/\\\/www.stonenaturelle.de\\\/fr\\\/\",\"logo\":{\"@type\":\"ImageObject\",\"inLanguage\":\"fr-FR\",\"@id\":\"https:\\\/\\\/www.stonenaturelle.de\\\/fr\\\/#\\\/schema\\\/logo\\\/image\\\/\",\"url\":\"https:\\\/\\\/www.stonenaturelle.de\\\/wp-content\\\/uploads\\\/stonenaturelle-1.png\",\"contentUrl\":\"https:\\\/\\\/www.stonenaturelle.de\\\/wp-content\\\/uploads\\\/stonenaturelle-1.png\",\"width\":271,\"height\":84,\"caption\":\"jonastone\"},\"image\":{\"@id\":\"https:\\\/\\\/www.stonenaturelle.de\\\/fr\\\/#\\\/schema\\\/logo\\\/image\\\/\"}}]}<\/script>\n<!-- \/ Yoast SEO plugin. -->","yoast_head_json":{"title":"\u00c0 quoi ressemble votre sol ? - jonastone","robots":{"index":"noindex","follow":"follow","max-snippet":"max-snippet:-1","max-image-preview":"max-image-preview:large","max-video-preview":"max-video-preview:-1"},"og_locale":"fr_FR","og_type":"article","og_title":"\u00c0 quoi ressemble votre sol ? - jonastone","og_description":"Montrez-nous votre sol stonenaturelle, t\u00e9l\u00e9chargez facilement vos photos ici. Veuillez vous assurer qu&rsquo;aucune personne ne figure sur les photos. Apr\u00e8s v\u00e9rification, vos photos seront utilis\u00e9es de mani\u00e8re anonyme sur notre site. Nous attendons vos photos avec impatience !","og_url":"https:\/\/www.stonenaturelle.de\/fr\/","og_site_name":"jonastone","article_modified_time":"2023-09-07T14:48:50+00:00","twitter_card":"summary_large_image","schema":{"@context":"https:\/\/schema.org","@graph":[{"@type":"WebPage","@id":"https:\/\/www.stonenaturelle.de\/fr\/","url":"https:\/\/www.stonenaturelle.de\/fr\/","name":"\u00c0 quoi ressemble votre sol ? - jonastone","isPartOf":{"@id":"https:\/\/www.stonenaturelle.de\/fr\/#website"},"datePublished":"2022-09-07T13:33:42+00:00","dateModified":"2023-09-07T14:48:50+00:00","breadcrumb":{"@id":"https:\/\/www.stonenaturelle.de\/fr\/#breadcrumb"},"inLanguage":"fr-FR","potentialAction":[{"@type":"ReadAction","target":["https:\/\/www.stonenaturelle.de\/fr\/"]}]},{"@type":"BreadcrumbList","@id":"https:\/\/www.stonenaturelle.de\/fr\/#breadcrumb","itemListElement":[{"@type":"ListItem","position":1,"name":"Startseite","item":"https:\/\/www.stonenaturelle.de\/fr\/"},{"@type":"ListItem","position":2,"name":"\u00c0 quoi ressemble votre sol ?"}]},{"@type":"WebSite","@id":"https:\/\/www.stonenaturelle.de\/fr\/#website","url":"https:\/\/www.stonenaturelle.de\/fr\/","name":"jonastone","description":"","publisher":{"@id":"https:\/\/www.stonenaturelle.de\/fr\/#organization"},"potentialAction":[{"@type":"SearchAction","target":{"@type":"EntryPoint","urlTemplate":"https:\/\/www.stonenaturelle.de\/fr\/?s={search_term_string}"},"query-input":{"@type":"PropertyValueSpecification","valueRequired":true,"valueName":"search_term_string"}}],"inLanguage":"fr-FR"},{"@type":"Organization","@id":"https:\/\/www.stonenaturelle.de\/fr\/#organization","name":"jonastone","url":"https:\/\/www.stonenaturelle.de\/fr\/","logo":{"@type":"ImageObject","inLanguage":"fr-FR","@id":"https:\/\/www.stonenaturelle.de\/fr\/#\/schema\/logo\/image\/","url":"https:\/\/www.stonenaturelle.de\/wp-content\/uploads\/stonenaturelle-1.png","contentUrl":"https:\/\/www.stonenaturelle.de\/wp-content\/uploads\/stonenaturelle-1.png","width":271,"height":84,"caption":"jonastone"},"image":{"@id":"https:\/\/www.stonenaturelle.de\/fr\/#\/schema\/logo\/image\/"}}]}},"_links":{"self":[{"href":"https:\/\/www.stonenaturelle.de\/fr\/wp-json\/wp\/v2\/pages\/576","targetHints":{"allow":["GET"]}}],"collection":[{"href":"https:\/\/www.stonenaturelle.de\/fr\/wp-json\/wp\/v2\/pages"}],"about":[{"href":"https:\/\/www.stonenaturelle.de\/fr\/wp-json\/wp\/v2\/types\/page"}],"author":[{"embeddable":true,"href":"https:\/\/www.stonenaturelle.de\/fr\/wp-json\/wp\/v2\/users\/1"}],"replies":[{"embeddable":true,"href":"https:\/\/www.stonenaturelle.de\/fr\/wp-json\/wp\/v2\/comments?post=576"}],"version-history":[{"count":3,"href":"https:\/\/www.stonenaturelle.de\/fr\/wp-json\/wp\/v2\/pages\/576\/revisions"}],"predecessor-version":[{"id":582,"href":"https:\/\/www.stonenaturelle.de\/fr\/wp-json\/wp\/v2\/pages\/576\/revisions\/582"}],"wp:attachment":[{"href":"https:\/\/www.stonenaturelle.de\/fr\/wp-json\/wp\/v2\/media?parent=576"}],"curies":[{"name":"wp","href":"https:\/\/api.w.org\/{rel}","templated":true}]}}