{"id":569,"date":"2022-07-20T14:23:26","date_gmt":"2022-07-20T14:23:26","guid":{"rendered":"https:\/\/www.stonenaturelle.de\/licence-de-contenu-utilisateur\/"},"modified":"2024-01-23T08:02:34","modified_gmt":"2024-01-23T08:02:34","slug":"licence-de-contenu-utilisateur","status":"publish","type":"page","link":"https:\/\/www.stonenaturelle.de\/fr\/licence-de-contenu-utilisateur\/","title":{"rendered":"Licence de contenu utilisateur"},"content":{"rendered":"\n<p>Cet accord d\u00e9finit le traitement des images que le titulaire des droits met \u00e0 la disposition de l\u2019entreprise.<\/p>\n\n<p>Concession des droits<\/p>\n\n<p>Le titulaire des droits accepte que les images mises \u00e0 disposition puissent \u00eatre utilis\u00e9es et publi\u00e9es par l\u2019entreprise pour une dur\u00e9e illimit\u00e9e, sans restriction g\u00e9ographique et de mani\u00e8re irr\u00e9vocable pour tous les types d\u2019utilisation.<\/p>\n\n<p>L\u2019octroi des droits comprend notamment :<\/p>\n\n<p>a) le droit d\u2019utiliser les images, ind\u00e9pendamment de la mise en \u0153uvre technique, par une int\u00e9gration num\u00e9rique sur des sites web et r\u00e9seaux sociaux.<\/p>\n\n<p>b) le droit de modifier, c\u2019est-\u00e0-dire le droit de transformer et d\u2019adapter les images \u00e0 volont\u00e9, par soi-m\u00eame ou par des tiers, dans le respect du droit moral, et notamment de les num\u00e9riser en vue de leur publication sur le site internet ou les r\u00e9seaux sociaux.<\/p>\n\n<p>c) le droit de transmission \u00e0 des entreprises li\u00e9es \u00e0 l\u2019entreprise ainsi qu\u2019\u00e0 des partenaires commerciaux qui distribuent les produits de l\u2019entreprise repr\u00e9sent\u00e9s sur les images pour le compte de l\u2019entreprise.<\/p>\n\n<p>d) le droit de faire valoir toutes les revendications auxquelles le titulaire des droits peut pr\u00e9tendre en raison d&rsquo;atteintes port\u00e9es par des tiers aux images fournies par la soci\u00e9t\u00e9 en son nom et pour son propre compte.<\/p>\n\n<p>R\u00e9mun\u00e9ration<\/p>\n\n<p>En guise de r\u00e9mun\u00e9ration, l\u2019entreprise verse au titulaire des droits un montant total convenu entre les parties pour les photos envoy\u00e9es<\/p>\n\n<p>Garantie des droits<\/p>\n\n<p>a) le titulaire des droits garantit qu\u2019il a lui-m\u00eame cr\u00e9\u00e9 les images remises et qu\u2019il n\u2019a pas d\u00e9j\u00e0 dispos\u00e9 ou ne disposera pas d\u2019une autre mani\u00e8re des droits accord\u00e9s ici<\/p>\n\n<p>b) le titulaire des droits garantit que les images remises sont libres de droits de tiers qui pourraient s\u2019opposer \u00e0 la concession de droits faisant l\u2019objet du contrat ainsi qu\u2019\u00e0 l\u2019utilisation des images par l\u2019entreprise conform\u00e9ment au contrat.<\/p>\n\n<p>Le titulaire des droits garantit que l\u2019utilisation des images par l\u2019entreprise conform\u00e9ment au contrat ne porte pas atteinte aux droits de la personnalit\u00e9 ou de propri\u00e9t\u00e9 de tiers, et notamment que les personnes repr\u00e9sent\u00e9es et\/ou les personnes autoris\u00e9es \u00e0 utiliser les espaces ext\u00e9rieurs ou int\u00e9rieurs repr\u00e9sent\u00e9s sont d\u2019accord avec l\u2019utilisation des images conform\u00e9ment au contrat. Le titulaire des droits accepte que les images soient utilis\u00e9es et publi\u00e9es, comme d\u00e9crit ci-dessus, m\u00eame s\u2019il figure lui-m\u00eame sur les images.<\/p>\n","protected":false},"excerpt":{"rendered":"<p>Cet accord d\u00e9finit le traitement des images que le titulaire des droits met \u00e0 la disposition de l\u2019entreprise. Concession des droits Le titulaire des droits accepte que les images mises \u00e0 disposition puissent \u00eatre utilis\u00e9es et publi\u00e9es par l\u2019entreprise pour une dur\u00e9e illimit\u00e9e, sans restriction g\u00e9ographique et de mani\u00e8re irr\u00e9vocable pour tous les types d\u2019utilisation. &#8230; <a title=\"Licence de contenu utilisateur\" class=\"read-more\" href=\"https:\/\/www.stonenaturelle.de\/fr\/licence-de-contenu-utilisateur\/\" aria-label=\"En savoir plus sur Licence de contenu utilisateur\">Lire la suite<\/a><\/p>\n","protected":false},"author":1,"featured_media":0,"parent":0,"menu_order":0,"comment_status":"closed","ping_status":"closed","template":"","meta":{"_monsterinsights_skip_tracking":false,"_monsterinsights_sitenote_active":false,"_monsterinsights_sitenote_note":"","_monsterinsights_sitenote_category":0,"footnotes":""},"class_list":["post-569","page","type-page","status-publish"],"yoast_head":"<!-- This site is optimized with the Yoast SEO plugin v27.5 - https:\/\/yoast.com\/product\/yoast-seo-wordpress\/ -->\n<title>Licence de contenu utilisateur - jonastone<\/title>\n<meta name=\"robots\" content=\"noindex, follow, max-snippet:-1, max-image-preview:large, max-video-preview:-1\" \/>\n<meta property=\"og:locale\" content=\"fr_FR\" \/>\n<meta property=\"og:type\" content=\"article\" \/>\n<meta property=\"og:title\" content=\"Licence de contenu utilisateur - jonastone\" \/>\n<meta property=\"og:description\" content=\"Cet accord d\u00e9finit le traitement des images que le titulaire des droits met \u00e0 la disposition de l\u2019entreprise. Concession des droits Le titulaire des droits accepte que les images mises \u00e0 disposition puissent \u00eatre utilis\u00e9es et publi\u00e9es par l\u2019entreprise pour une dur\u00e9e illimit\u00e9e, sans restriction g\u00e9ographique et de mani\u00e8re irr\u00e9vocable pour tous les types d\u2019utilisation. ... Lire la suite\" \/>\n<meta property=\"og:url\" content=\"https:\/\/www.stonenaturelle.de\/fr\/licence-de-contenu-utilisateur\/\" \/>\n<meta property=\"og:site_name\" content=\"jonastone\" \/>\n<meta property=\"article:modified_time\" content=\"2024-01-23T08:02:34+00:00\" \/>\n<meta name=\"twitter:card\" content=\"summary_large_image\" \/>\n<meta name=\"twitter:label1\" content=\"Dur\u00e9e de lecture estim\u00e9e\" \/>\n\t<meta name=\"twitter:data1\" content=\"2 minutes\" \/>\n<script type=\"application\/ld+json\" class=\"yoast-schema-graph\">{\"@context\":\"https:\\\/\\\/schema.org\",\"@graph\":[{\"@type\":\"WebPage\",\"@id\":\"https:\\\/\\\/www.stonenaturelle.de\\\/fr\\\/licence-de-contenu-utilisateur\\\/\",\"url\":\"https:\\\/\\\/www.stonenaturelle.de\\\/fr\\\/licence-de-contenu-utilisateur\\\/\",\"name\":\"Licence de contenu utilisateur - jonastone\",\"isPartOf\":{\"@id\":\"https:\\\/\\\/www.stonenaturelle.de\\\/fr\\\/#website\"},\"datePublished\":\"2022-07-20T14:23:26+00:00\",\"dateModified\":\"2024-01-23T08:02:34+00:00\",\"breadcrumb\":{\"@id\":\"https:\\\/\\\/www.stonenaturelle.de\\\/fr\\\/licence-de-contenu-utilisateur\\\/#breadcrumb\"},\"inLanguage\":\"fr-FR\",\"potentialAction\":[{\"@type\":\"ReadAction\",\"target\":[\"https:\\\/\\\/www.stonenaturelle.de\\\/fr\\\/licence-de-contenu-utilisateur\\\/\"]}]},{\"@type\":\"BreadcrumbList\",\"@id\":\"https:\\\/\\\/www.stonenaturelle.de\\\/fr\\\/licence-de-contenu-utilisateur\\\/#breadcrumb\",\"itemListElement\":[{\"@type\":\"ListItem\",\"position\":1,\"name\":\"Startseite\",\"item\":\"https:\\\/\\\/www.stonenaturelle.de\\\/fr\\\/\"},{\"@type\":\"ListItem\",\"position\":2,\"name\":\"Licence de contenu utilisateur\"}]},{\"@type\":\"WebSite\",\"@id\":\"https:\\\/\\\/www.stonenaturelle.de\\\/fr\\\/#website\",\"url\":\"https:\\\/\\\/www.stonenaturelle.de\\\/fr\\\/\",\"name\":\"jonastone\",\"description\":\"\",\"publisher\":{\"@id\":\"https:\\\/\\\/www.stonenaturelle.de\\\/fr\\\/#organization\"},\"potentialAction\":[{\"@type\":\"SearchAction\",\"target\":{\"@type\":\"EntryPoint\",\"urlTemplate\":\"https:\\\/\\\/www.stonenaturelle.de\\\/fr\\\/?s={search_term_string}\"},\"query-input\":{\"@type\":\"PropertyValueSpecification\",\"valueRequired\":true,\"valueName\":\"search_term_string\"}}],\"inLanguage\":\"fr-FR\"},{\"@type\":\"Organization\",\"@id\":\"https:\\\/\\\/www.stonenaturelle.de\\\/fr\\\/#organization\",\"name\":\"jonastone\",\"url\":\"https:\\\/\\\/www.stonenaturelle.de\\\/fr\\\/\",\"logo\":{\"@type\":\"ImageObject\",\"inLanguage\":\"fr-FR\",\"@id\":\"https:\\\/\\\/www.stonenaturelle.de\\\/fr\\\/#\\\/schema\\\/logo\\\/image\\\/\",\"url\":\"https:\\\/\\\/www.stonenaturelle.de\\\/wp-content\\\/uploads\\\/stonenaturelle-1.png\",\"contentUrl\":\"https:\\\/\\\/www.stonenaturelle.de\\\/wp-content\\\/uploads\\\/stonenaturelle-1.png\",\"width\":271,\"height\":84,\"caption\":\"jonastone\"},\"image\":{\"@id\":\"https:\\\/\\\/www.stonenaturelle.de\\\/fr\\\/#\\\/schema\\\/logo\\\/image\\\/\"}}]}<\/script>\n<!-- \/ Yoast SEO plugin. -->","yoast_head_json":{"title":"Licence de contenu utilisateur - jonastone","robots":{"index":"noindex","follow":"follow","max-snippet":"max-snippet:-1","max-image-preview":"max-image-preview:large","max-video-preview":"max-video-preview:-1"},"og_locale":"fr_FR","og_type":"article","og_title":"Licence de contenu utilisateur - jonastone","og_description":"Cet accord d\u00e9finit le traitement des images que le titulaire des droits met \u00e0 la disposition de l\u2019entreprise. Concession des droits Le titulaire des droits accepte que les images mises \u00e0 disposition puissent \u00eatre utilis\u00e9es et publi\u00e9es par l\u2019entreprise pour une dur\u00e9e illimit\u00e9e, sans restriction g\u00e9ographique et de mani\u00e8re irr\u00e9vocable pour tous les types d\u2019utilisation. ... Lire la suite","og_url":"https:\/\/www.stonenaturelle.de\/fr\/licence-de-contenu-utilisateur\/","og_site_name":"jonastone","article_modified_time":"2024-01-23T08:02:34+00:00","twitter_card":"summary_large_image","twitter_misc":{"Dur\u00e9e de lecture estim\u00e9e":"2 minutes"},"schema":{"@context":"https:\/\/schema.org","@graph":[{"@type":"WebPage","@id":"https:\/\/www.stonenaturelle.de\/fr\/licence-de-contenu-utilisateur\/","url":"https:\/\/www.stonenaturelle.de\/fr\/licence-de-contenu-utilisateur\/","name":"Licence de contenu utilisateur - jonastone","isPartOf":{"@id":"https:\/\/www.stonenaturelle.de\/fr\/#website"},"datePublished":"2022-07-20T14:23:26+00:00","dateModified":"2024-01-23T08:02:34+00:00","breadcrumb":{"@id":"https:\/\/www.stonenaturelle.de\/fr\/licence-de-contenu-utilisateur\/#breadcrumb"},"inLanguage":"fr-FR","potentialAction":[{"@type":"ReadAction","target":["https:\/\/www.stonenaturelle.de\/fr\/licence-de-contenu-utilisateur\/"]}]},{"@type":"BreadcrumbList","@id":"https:\/\/www.stonenaturelle.de\/fr\/licence-de-contenu-utilisateur\/#breadcrumb","itemListElement":[{"@type":"ListItem","position":1,"name":"Startseite","item":"https:\/\/www.stonenaturelle.de\/fr\/"},{"@type":"ListItem","position":2,"name":"Licence de contenu utilisateur"}]},{"@type":"WebSite","@id":"https:\/\/www.stonenaturelle.de\/fr\/#website","url":"https:\/\/www.stonenaturelle.de\/fr\/","name":"jonastone","description":"","publisher":{"@id":"https:\/\/www.stonenaturelle.de\/fr\/#organization"},"potentialAction":[{"@type":"SearchAction","target":{"@type":"EntryPoint","urlTemplate":"https:\/\/www.stonenaturelle.de\/fr\/?s={search_term_string}"},"query-input":{"@type":"PropertyValueSpecification","valueRequired":true,"valueName":"search_term_string"}}],"inLanguage":"fr-FR"},{"@type":"Organization","@id":"https:\/\/www.stonenaturelle.de\/fr\/#organization","name":"jonastone","url":"https:\/\/www.stonenaturelle.de\/fr\/","logo":{"@type":"ImageObject","inLanguage":"fr-FR","@id":"https:\/\/www.stonenaturelle.de\/fr\/#\/schema\/logo\/image\/","url":"https:\/\/www.stonenaturelle.de\/wp-content\/uploads\/stonenaturelle-1.png","contentUrl":"https:\/\/www.stonenaturelle.de\/wp-content\/uploads\/stonenaturelle-1.png","width":271,"height":84,"caption":"jonastone"},"image":{"@id":"https:\/\/www.stonenaturelle.de\/fr\/#\/schema\/logo\/image\/"}}]}},"_links":{"self":[{"href":"https:\/\/www.stonenaturelle.de\/fr\/wp-json\/wp\/v2\/pages\/569","targetHints":{"allow":["GET"]}}],"collection":[{"href":"https:\/\/www.stonenaturelle.de\/fr\/wp-json\/wp\/v2\/pages"}],"about":[{"href":"https:\/\/www.stonenaturelle.de\/fr\/wp-json\/wp\/v2\/types\/page"}],"author":[{"embeddable":true,"href":"https:\/\/www.stonenaturelle.de\/fr\/wp-json\/wp\/v2\/users\/1"}],"replies":[{"embeddable":true,"href":"https:\/\/www.stonenaturelle.de\/fr\/wp-json\/wp\/v2\/comments?post=569"}],"version-history":[{"count":10,"href":"https:\/\/www.stonenaturelle.de\/fr\/wp-json\/wp\/v2\/pages\/569\/revisions"}],"predecessor-version":[{"id":731,"href":"https:\/\/www.stonenaturelle.de\/fr\/wp-json\/wp\/v2\/pages\/569\/revisions\/731"}],"wp:attachment":[{"href":"https:\/\/www.stonenaturelle.de\/fr\/wp-json\/wp\/v2\/media?parent=569"}],"curies":[{"name":"wp","href":"https:\/\/api.w.org\/{rel}","templated":true}]}}