{"id":567,"date":"2022-08-30T06:02:04","date_gmt":"2022-08-30T06:02:04","guid":{"rendered":"https:\/\/www.stonenaturelle.de\/confirmation-de-ladresse-e-mail\/"},"modified":"2023-09-07T10:29:17","modified_gmt":"2023-09-07T10:29:17","slug":"confirmation-de-ladresse-e-mail","status":"publish","type":"page","link":"https:\/\/www.stonenaturelle.de\/fr\/confirmation-de-ladresse-e-mail\/","title":{"rendered":"Confirmation de l&rsquo;adresse e-mail"},"content":{"rendered":"<p role=\"alert\">Error. Something went really wrong! No required parameters found!<\/p>\n<p><strong>Veuillez ignorer ce message ! Merci beaucoup pour votre soutien !<\/p>\n<p>Votre \u00e9quipe Jonastone<\/strong><\/p>\n<p>Connaissez-vous d\u00e9j\u00e0 nos nouveaux <a href=\"https:\/\/www.jonastone.de\/gartenbau\/\">produits horticoles<\/a> ?<\/p>\n","protected":false},"excerpt":{"rendered":"<p>Veuillez ignorer ce message ! Merci beaucoup pour votre soutien ! Votre \u00e9quipe Jonastone Connaissez-vous d\u00e9j\u00e0 nos nouveaux produits horticoles ?<\/p>\n","protected":false},"author":1,"featured_media":0,"parent":0,"menu_order":0,"comment_status":"closed","ping_status":"closed","template":"","meta":{"_monsterinsights_skip_tracking":false,"_monsterinsights_sitenote_active":false,"_monsterinsights_sitenote_note":"","_monsterinsights_sitenote_category":0,"footnotes":""},"class_list":["post-567","page","type-page","status-publish"],"yoast_head":"<!-- This site is optimized with the Yoast SEO plugin v27.5 - https:\/\/yoast.com\/product\/yoast-seo-wordpress\/ -->\n<title>Confirmation de l&#039;adresse e-mail - jonastone<\/title>\n<meta name=\"robots\" content=\"noindex, follow, max-snippet:-1, max-image-preview:large, max-video-preview:-1\" \/>\n<meta property=\"og:locale\" content=\"fr_FR\" \/>\n<meta property=\"og:type\" content=\"article\" \/>\n<meta property=\"og:title\" content=\"Confirmation de l&#039;adresse e-mail - jonastone\" \/>\n<meta property=\"og:description\" content=\"Veuillez ignorer ce message ! Merci beaucoup pour votre soutien ! Votre \u00e9quipe Jonastone Connaissez-vous d\u00e9j\u00e0 nos nouveaux produits horticoles ?\" \/>\n<meta property=\"og:url\" content=\"https:\/\/www.stonenaturelle.de\/fr\/confirmation-de-ladresse-e-mail\/\" \/>\n<meta property=\"og:site_name\" content=\"jonastone\" \/>\n<meta property=\"article:modified_time\" content=\"2023-09-07T10:29:17+00:00\" \/>\n<meta name=\"twitter:card\" content=\"summary_large_image\" \/>\n<script type=\"application\/ld+json\" class=\"yoast-schema-graph\">{\"@context\":\"https:\\\/\\\/schema.org\",\"@graph\":[{\"@type\":\"WebPage\",\"@id\":\"https:\\\/\\\/www.stonenaturelle.de\\\/fr\\\/confirmation-de-ladresse-e-mail\\\/\",\"url\":\"https:\\\/\\\/www.stonenaturelle.de\\\/fr\\\/confirmation-de-ladresse-e-mail\\\/\",\"name\":\"Confirmation de l'adresse e-mail - jonastone\",\"isPartOf\":{\"@id\":\"https:\\\/\\\/www.stonenaturelle.de\\\/fr\\\/#website\"},\"datePublished\":\"2022-08-30T06:02:04+00:00\",\"dateModified\":\"2023-09-07T10:29:17+00:00\",\"breadcrumb\":{\"@id\":\"https:\\\/\\\/www.stonenaturelle.de\\\/fr\\\/confirmation-de-ladresse-e-mail\\\/#breadcrumb\"},\"inLanguage\":\"fr-FR\",\"potentialAction\":[{\"@type\":\"ReadAction\",\"target\":[\"https:\\\/\\\/www.stonenaturelle.de\\\/fr\\\/confirmation-de-ladresse-e-mail\\\/\"]}]},{\"@type\":\"BreadcrumbList\",\"@id\":\"https:\\\/\\\/www.stonenaturelle.de\\\/fr\\\/confirmation-de-ladresse-e-mail\\\/#breadcrumb\",\"itemListElement\":[{\"@type\":\"ListItem\",\"position\":1,\"name\":\"Startseite\",\"item\":\"https:\\\/\\\/www.stonenaturelle.de\\\/fr\\\/\"},{\"@type\":\"ListItem\",\"position\":2,\"name\":\"Confirmation de l&rsquo;adresse e-mail\"}]},{\"@type\":\"WebSite\",\"@id\":\"https:\\\/\\\/www.stonenaturelle.de\\\/fr\\\/#website\",\"url\":\"https:\\\/\\\/www.stonenaturelle.de\\\/fr\\\/\",\"name\":\"jonastone\",\"description\":\"\",\"publisher\":{\"@id\":\"https:\\\/\\\/www.stonenaturelle.de\\\/fr\\\/#organization\"},\"potentialAction\":[{\"@type\":\"SearchAction\",\"target\":{\"@type\":\"EntryPoint\",\"urlTemplate\":\"https:\\\/\\\/www.stonenaturelle.de\\\/fr\\\/?s={search_term_string}\"},\"query-input\":{\"@type\":\"PropertyValueSpecification\",\"valueRequired\":true,\"valueName\":\"search_term_string\"}}],\"inLanguage\":\"fr-FR\"},{\"@type\":\"Organization\",\"@id\":\"https:\\\/\\\/www.stonenaturelle.de\\\/fr\\\/#organization\",\"name\":\"jonastone\",\"url\":\"https:\\\/\\\/www.stonenaturelle.de\\\/fr\\\/\",\"logo\":{\"@type\":\"ImageObject\",\"inLanguage\":\"fr-FR\",\"@id\":\"https:\\\/\\\/www.stonenaturelle.de\\\/fr\\\/#\\\/schema\\\/logo\\\/image\\\/\",\"url\":\"https:\\\/\\\/www.stonenaturelle.de\\\/wp-content\\\/uploads\\\/stonenaturelle-1.png\",\"contentUrl\":\"https:\\\/\\\/www.stonenaturelle.de\\\/wp-content\\\/uploads\\\/stonenaturelle-1.png\",\"width\":271,\"height\":84,\"caption\":\"jonastone\"},\"image\":{\"@id\":\"https:\\\/\\\/www.stonenaturelle.de\\\/fr\\\/#\\\/schema\\\/logo\\\/image\\\/\"}}]}<\/script>\n<!-- \/ Yoast SEO plugin. -->","yoast_head_json":{"title":"Confirmation de l'adresse e-mail - jonastone","robots":{"index":"noindex","follow":"follow","max-snippet":"max-snippet:-1","max-image-preview":"max-image-preview:large","max-video-preview":"max-video-preview:-1"},"og_locale":"fr_FR","og_type":"article","og_title":"Confirmation de l'adresse e-mail - jonastone","og_description":"Veuillez ignorer ce message ! Merci beaucoup pour votre soutien ! Votre \u00e9quipe Jonastone Connaissez-vous d\u00e9j\u00e0 nos nouveaux produits horticoles ?","og_url":"https:\/\/www.stonenaturelle.de\/fr\/confirmation-de-ladresse-e-mail\/","og_site_name":"jonastone","article_modified_time":"2023-09-07T10:29:17+00:00","twitter_card":"summary_large_image","schema":{"@context":"https:\/\/schema.org","@graph":[{"@type":"WebPage","@id":"https:\/\/www.stonenaturelle.de\/fr\/confirmation-de-ladresse-e-mail\/","url":"https:\/\/www.stonenaturelle.de\/fr\/confirmation-de-ladresse-e-mail\/","name":"Confirmation de l'adresse e-mail - jonastone","isPartOf":{"@id":"https:\/\/www.stonenaturelle.de\/fr\/#website"},"datePublished":"2022-08-30T06:02:04+00:00","dateModified":"2023-09-07T10:29:17+00:00","breadcrumb":{"@id":"https:\/\/www.stonenaturelle.de\/fr\/confirmation-de-ladresse-e-mail\/#breadcrumb"},"inLanguage":"fr-FR","potentialAction":[{"@type":"ReadAction","target":["https:\/\/www.stonenaturelle.de\/fr\/confirmation-de-ladresse-e-mail\/"]}]},{"@type":"BreadcrumbList","@id":"https:\/\/www.stonenaturelle.de\/fr\/confirmation-de-ladresse-e-mail\/#breadcrumb","itemListElement":[{"@type":"ListItem","position":1,"name":"Startseite","item":"https:\/\/www.stonenaturelle.de\/fr\/"},{"@type":"ListItem","position":2,"name":"Confirmation de l&rsquo;adresse e-mail"}]},{"@type":"WebSite","@id":"https:\/\/www.stonenaturelle.de\/fr\/#website","url":"https:\/\/www.stonenaturelle.de\/fr\/","name":"jonastone","description":"","publisher":{"@id":"https:\/\/www.stonenaturelle.de\/fr\/#organization"},"potentialAction":[{"@type":"SearchAction","target":{"@type":"EntryPoint","urlTemplate":"https:\/\/www.stonenaturelle.de\/fr\/?s={search_term_string}"},"query-input":{"@type":"PropertyValueSpecification","valueRequired":true,"valueName":"search_term_string"}}],"inLanguage":"fr-FR"},{"@type":"Organization","@id":"https:\/\/www.stonenaturelle.de\/fr\/#organization","name":"jonastone","url":"https:\/\/www.stonenaturelle.de\/fr\/","logo":{"@type":"ImageObject","inLanguage":"fr-FR","@id":"https:\/\/www.stonenaturelle.de\/fr\/#\/schema\/logo\/image\/","url":"https:\/\/www.stonenaturelle.de\/wp-content\/uploads\/stonenaturelle-1.png","contentUrl":"https:\/\/www.stonenaturelle.de\/wp-content\/uploads\/stonenaturelle-1.png","width":271,"height":84,"caption":"jonastone"},"image":{"@id":"https:\/\/www.stonenaturelle.de\/fr\/#\/schema\/logo\/image\/"}}]}},"_links":{"self":[{"href":"https:\/\/www.stonenaturelle.de\/fr\/wp-json\/wp\/v2\/pages\/567","targetHints":{"allow":["GET"]}}],"collection":[{"href":"https:\/\/www.stonenaturelle.de\/fr\/wp-json\/wp\/v2\/pages"}],"about":[{"href":"https:\/\/www.stonenaturelle.de\/fr\/wp-json\/wp\/v2\/types\/page"}],"author":[{"embeddable":true,"href":"https:\/\/www.stonenaturelle.de\/fr\/wp-json\/wp\/v2\/users\/1"}],"replies":[{"embeddable":true,"href":"https:\/\/www.stonenaturelle.de\/fr\/wp-json\/wp\/v2\/comments?post=567"}],"version-history":[{"count":1,"href":"https:\/\/www.stonenaturelle.de\/fr\/wp-json\/wp\/v2\/pages\/567\/revisions"}],"predecessor-version":[{"id":568,"href":"https:\/\/www.stonenaturelle.de\/fr\/wp-json\/wp\/v2\/pages\/567\/revisions\/568"}],"wp:attachment":[{"href":"https:\/\/www.stonenaturelle.de\/fr\/wp-json\/wp\/v2\/media?parent=567"}],"curies":[{"name":"wp","href":"https:\/\/api.w.org\/{rel}","templated":true}]}}